{"id":2,"date":"2025-07-14T20:56:08","date_gmt":"2025-07-14T18:56:08","guid":{"rendered":"https:\/\/alina.dk\/pl\/?page_id=2"},"modified":"2025-11-11T17:03:28","modified_gmt":"2025-11-11T16:03:28","slug":"eksempel-side","status":"publish","type":"page","link":"https:\/\/alina.dk\/pl\/","title":{"rendered":""},"content":{"rendered":"\t\t<div data-elementor-type=\"wp-page\" data-elementor-id=\"2\" class=\"elementor elementor-2\">\n\t\t\t\t<div class=\"elementor-element elementor-element-a96425d e-con-full e-flex e-con e-parent\" data-id=\"a96425d\" data-element_type=\"container\">\n\t\t<div class=\"elementor-element elementor-element-e099a88 animated-slow e-transform e-flex e-con-boxed elementor-invisible e-con e-child\" data-id=\"e099a88\" data-element_type=\"container\" data-settings=\"{&quot;background_background&quot;:&quot;classic&quot;,&quot;animation&quot;:&quot;fadeIn&quot;,&quot;_transform_scale_effect&quot;:{&quot;unit&quot;:&quot;px&quot;,&quot;size&quot;:&quot;&quot;,&quot;sizes&quot;:[]},&quot;_transform_scale_effect_tablet&quot;:{&quot;unit&quot;:&quot;px&quot;,&quot;size&quot;:&quot;&quot;,&quot;sizes&quot;:[]},&quot;_transform_scale_effect_mobile&quot;:{&quot;unit&quot;:&quot;px&quot;,&quot;size&quot;:&quot;&quot;,&quot;sizes&quot;:[]}}\">\n\t\t\t\t\t<div class=\"e-con-inner\">\n\t\t<div class=\"elementor-element elementor-element-21f28ed e-con-full e-flex e-con e-child\" data-id=\"21f28ed\" data-element_type=\"container\">\n\t\t\t\t<div class=\"elementor-element elementor-element-ce03f41 elementor-widget elementor-widget-spacer\" data-id=\"ce03f41\" data-element_type=\"widget\" data-widget_type=\"spacer.default\">\n\t\t\t\t<div class=\"elementor-widget-container\">\n\t\t\t\t\t\t\t<div class=\"elementor-spacer\">\n\t\t\t<div class=\"elementor-spacer-inner\"><\/div>\n\t\t<\/div>\n\t\t\t\t\t\t<\/div>\n\t\t\t\t<\/div>\n\t\t\t\t<div class=\"elementor-element elementor-element-49ca274 animated-slow elementor-invisible elementor-widget elementor-widget-heading\" data-id=\"49ca274\" data-element_type=\"widget\" data-settings=\"{&quot;_animation&quot;:&quot;bounceInRight&quot;,&quot;_animation_delay&quot;:500}\" data-widget_type=\"heading.default\">\n\t\t\t\t<div class=\"elementor-widget-container\">\n\t\t\t\t\t<h1 class=\"elementor-heading-title elementor-size-default\"><span style=\"color: #00A651\">Alina<\/span> Procyk<\/h1>\t\t\t\t<\/div>\n\t\t\t\t<\/div>\n\t\t\t\t<div class=\"elementor-element elementor-element-7d2b65f elementor-invisible elementor-widget elementor-widget-heading\" data-id=\"7d2b65f\" data-element_type=\"widget\" data-settings=\"{&quot;_animation&quot;:&quot;fadeInDown&quot;,&quot;_animation_delay&quot;:1000}\" data-widget_type=\"heading.default\">\n\t\t\t\t<div class=\"elementor-widget-container\">\n\t\t\t\t\t<h2 class=\"elementor-heading-title elementor-size-default\">Tw\u00f3j <span style=\"color: #EC008C\">socjalliberalny<\/span> g\u0142os na rzecz integracji, inkluzji i sp\u00f3jno\u015bci w gminie Kopenhagi.<\/h2>\t\t\t\t<\/div>\n\t\t\t\t<\/div>\n\t\t\t\t<div class=\"elementor-element elementor-element-46059ee elementor-invisible elementor-widget elementor-widget-text-editor\" data-id=\"46059ee\" data-element_type=\"widget\" data-settings=\"{&quot;_animation&quot;:&quot;fadeIn&quot;,&quot;_animation_delay&quot;:1700}\" data-widget_type=\"text-editor.default\">\n\t\t\t\t<div class=\"elementor-widget-container\">\n\t\t\t\t\t\t\t\t\t<p>Oddaj sw\u00f3j g\u0142os <strong>osobi\u015bcie<\/strong> na Alin\u0119 w wyborach samorz\u0105dowych 18 listopada.<\/p>\t\t\t\t\t\t\t\t<\/div>\n\t\t\t\t<\/div>\n\t\t\t\t<div class=\"elementor-element elementor-element-f0e6439 elementor-mobile-align-justify elementor-invisible elementor-widget elementor-widget-button\" data-id=\"f0e6439\" data-element_type=\"widget\" data-settings=\"{&quot;_animation&quot;:&quot;fadeInLeft&quot;,&quot;_animation_delay&quot;:1800}\" data-widget_type=\"button.default\">\n\t\t\t\t<div class=\"elementor-widget-container\">\n\t\t\t\t\t\t\t\t\t<div class=\"elementor-button-wrapper\">\n\t\t\t\t\t<a class=\"elementor-button elementor-button-link elementor-size-sm\" href=\"#om\">\n\t\t\t\t\t\t<span class=\"elementor-button-content-wrapper\">\n\t\t\t\t\t\t<span class=\"elementor-button-icon\">\n\t\t\t\t<svg aria-hidden=\"true\" class=\"e-font-icon-svg e-fas-caret-right\" viewBox=\"0 0 192 512\" xmlns=\"http:\/\/www.w3.org\/2000\/svg\"><path d=\"M0 384.662V127.338c0-17.818 21.543-26.741 34.142-14.142l128.662 128.662c7.81 7.81 7.81 20.474 0 28.284L34.142 398.804C21.543 411.404 0 402.48 0 384.662z\"><\/path><\/svg>\t\t\t<\/span>\n\t\t\t\t\t\t\t\t\t<span class=\"elementor-button-text\">Czytaj wi\u0119cej o Alinie<\/span>\n\t\t\t\t\t<\/span>\n\t\t\t\t\t<\/a>\n\t\t\t\t<\/div>\n\t\t\t\t\t\t\t\t<\/div>\n\t\t\t\t<\/div>\n\t\t\t\t<\/div>\n\t\t\t\t\t<\/div>\n\t\t\t\t<\/div>\n\t\t\t\t<\/div>\n\t\t<div class=\"elementor-element elementor-element-22b5c2d e-flex e-con-boxed e-con e-parent\" data-id=\"22b5c2d\" data-element_type=\"container\" data-settings=\"{&quot;background_background&quot;:&quot;classic&quot;}\">\n\t\t\t\t\t<div class=\"e-con-inner\">\n\t\t\t\t<div class=\"elementor-element elementor-element-4b57d2f elementor-widget elementor-widget-spacer\" data-id=\"4b57d2f\" data-element_type=\"widget\" data-widget_type=\"spacer.default\">\n\t\t\t\t<div class=\"elementor-widget-container\">\n\t\t\t\t\t\t\t<div class=\"elementor-spacer\">\n\t\t\t<div class=\"elementor-spacer-inner\"><\/div>\n\t\t<\/div>\n\t\t\t\t\t\t<\/div>\n\t\t\t\t<\/div>\n\t\t\t\t<div class=\"elementor-element elementor-element-ee2bb70 elementor-widget elementor-widget-testimonial\" data-id=\"ee2bb70\" data-element_type=\"widget\" data-widget_type=\"testimonial.default\">\n\t\t\t\t<div class=\"elementor-widget-container\">\n\t\t\t\t\t\t\t<div class=\"elementor-testimonial-wrapper\">\n\t\t\t\t\t\t\t<div class=\"elementor-testimonial-content\">\u00abJe\u015bli zostan\u0119 wybrana do Rady Miejskiej Kopenhagi, b\u0119d\u0119 reprezentowa\u0107 wielu obywateli, kt\u00f3rzy dzi\u015b nie maj\u0105 swojej reprezentacji.\u00bb.<\/div>\n\t\t\t\n\t\t\t\t\t\t<div class=\"elementor-testimonial-meta\">\n\t\t\t\t<div class=\"elementor-testimonial-meta-inner\">\n\t\t\t\t\t\n\t\t\t\t\t\t\t\t\t\t<div class=\"elementor-testimonial-details\">\n\t\t\t\t\t\t\t\t\t\t\t\t\t\t<div class=\"elementor-testimonial-name\">Alina Procyk<\/div>\n\t\t\t\t\t\t\t\t\t\t\t\t\t\t\t\t\t\t\t\t\t\t<div class=\"elementor-testimonial-job\">Kandydatka do Rady Miejskiej Kopenhagi z ramienia Radikale Venstre.<\/div>\n\t\t\t\t\t\t\t\t\t\t\t\t\t<\/div>\n\t\t\t\t\t\t\t\t\t<\/div>\n\t\t\t<\/div>\n\t\t\t\t\t<\/div>\n\t\t\t\t\t\t<\/div>\n\t\t\t\t<\/div>\n\t\t\t\t<div class=\"elementor-element elementor-element-be13043 elementor-widget elementor-widget-spacer\" data-id=\"be13043\" data-element_type=\"widget\" data-widget_type=\"spacer.default\">\n\t\t\t\t<div class=\"elementor-widget-container\">\n\t\t\t\t\t\t\t<div class=\"elementor-spacer\">\n\t\t\t<div class=\"elementor-spacer-inner\"><\/div>\n\t\t<\/div>\n\t\t\t\t\t\t<\/div>\n\t\t\t\t<\/div>\n\t\t\t\t\t<\/div>\n\t\t\t\t<\/div>\n\t\t<div class=\"elementor-element elementor-element-c1dec1f e-grid e-con-full e-con e-parent\" data-id=\"c1dec1f\" data-element_type=\"container\" id=\"issues\" data-settings=\"{&quot;background_background&quot;:&quot;classic&quot;}\">\n\t\t<div class=\"elementor-element elementor-element-fb78c77 e-con-full e-flex e-con e-child\" data-id=\"fb78c77\" data-element_type=\"container\" data-settings=\"{&quot;background_background&quot;:&quot;classic&quot;}\">\n\t\t\t\t<div class=\"elementor-element elementor-element-004b067 elementor-widget elementor-widget-spacer\" data-id=\"004b067\" data-element_type=\"widget\" data-widget_type=\"spacer.default\">\n\t\t\t\t<div class=\"elementor-widget-container\">\n\t\t\t\t\t\t\t<div class=\"elementor-spacer\">\n\t\t\t<div class=\"elementor-spacer-inner\"><\/div>\n\t\t<\/div>\n\t\t\t\t\t\t<\/div>\n\t\t\t\t<\/div>\n\t\t\t\t<div class=\"elementor-element elementor-element-c823586 elementor-widget__width-auto elementor-invisible elementor-widget elementor-widget-heading\" data-id=\"c823586\" data-element_type=\"widget\" data-settings=\"{&quot;_animation&quot;:&quot;bounceInLeft&quot;}\" data-widget_type=\"heading.default\">\n\t\t\t\t<div class=\"elementor-widget-container\">\n\t\t\t\t\t<h2 class=\"elementor-heading-title elementor-size-default\"><a href=\"\/pl\/2025\/11\/11\/shkola-pl\/\">Lepsza szko\u0142a<\/a><\/h2>\t\t\t\t<\/div>\n\t\t\t\t<\/div>\n\t\t\t\t<div class=\"elementor-element elementor-element-4bdaad0 elementor-invisible elementor-widget elementor-widget-button\" data-id=\"4bdaad0\" data-element_type=\"widget\" data-settings=\"{&quot;_animation&quot;:&quot;fadeIn&quot;,&quot;_animation_delay&quot;:1800}\" data-widget_type=\"button.default\">\n\t\t\t\t<div class=\"elementor-widget-container\">\n\t\t\t\t\t\t\t\t\t<div class=\"elementor-button-wrapper\">\n\t\t\t\t\t<a class=\"elementor-button elementor-button-link elementor-size-sm\" href=\"\/pl\/2025\/11\/11\/shkola-pl\/\">\n\t\t\t\t\t\t<span class=\"elementor-button-content-wrapper\">\n\t\t\t\t\t\t\t\t\t<span class=\"elementor-button-text\">Czytaj dalej<\/span>\n\t\t\t\t\t<\/span>\n\t\t\t\t\t<\/a>\n\t\t\t\t<\/div>\n\t\t\t\t\t\t\t\t<\/div>\n\t\t\t\t<\/div>\n\t\t\t\t<\/div>\n\t\t<div class=\"elementor-element elementor-element-0bf2711 e-con-full e-flex e-con e-child\" data-id=\"0bf2711\" data-element_type=\"container\" data-settings=\"{&quot;background_background&quot;:&quot;classic&quot;}\">\n\t\t\t\t<div class=\"elementor-element elementor-element-292ce0d elementor-widget elementor-widget-spacer\" data-id=\"292ce0d\" data-element_type=\"widget\" data-widget_type=\"spacer.default\">\n\t\t\t\t<div class=\"elementor-widget-container\">\n\t\t\t\t\t\t\t<div class=\"elementor-spacer\">\n\t\t\t<div class=\"elementor-spacer-inner\"><\/div>\n\t\t<\/div>\n\t\t\t\t\t\t<\/div>\n\t\t\t\t<\/div>\n\t\t\t\t<div class=\"elementor-element elementor-element-38acac3 elementor-widget__width-auto elementor-invisible elementor-widget elementor-widget-heading\" data-id=\"38acac3\" data-element_type=\"widget\" data-settings=\"{&quot;_animation&quot;:&quot;bounceInUp&quot;}\" data-widget_type=\"heading.default\">\n\t\t\t\t<div class=\"elementor-widget-container\">\n\t\t\t\t\t<h2 class=\"elementor-heading-title elementor-size-default\"><a href=\"\/pl\/2025\/11\/11\/integration-pl\/\">Integracja, kt\u00f3ra <u>dzia\u0142a<\/u><\/a><\/h2>\t\t\t\t<\/div>\n\t\t\t\t<\/div>\n\t\t\t\t<div class=\"elementor-element elementor-element-fa132bd elementor-invisible elementor-widget elementor-widget-button\" data-id=\"fa132bd\" data-element_type=\"widget\" data-settings=\"{&quot;_animation&quot;:&quot;fadeIn&quot;,&quot;_animation_delay&quot;:1800}\" data-widget_type=\"button.default\">\n\t\t\t\t<div class=\"elementor-widget-container\">\n\t\t\t\t\t\t\t\t\t<div class=\"elementor-button-wrapper\">\n\t\t\t\t\t<a class=\"elementor-button elementor-button-link elementor-size-sm\" href=\"\/pl\/2025\/11\/11\/integration-pl\/\">\n\t\t\t\t\t\t<span class=\"elementor-button-content-wrapper\">\n\t\t\t\t\t\t\t\t\t<span class=\"elementor-button-text\">Czytaj dalej<\/span>\n\t\t\t\t\t<\/span>\n\t\t\t\t\t<\/a>\n\t\t\t\t<\/div>\n\t\t\t\t\t\t\t\t<\/div>\n\t\t\t\t<\/div>\n\t\t\t\t<\/div>\n\t\t<div class=\"elementor-element elementor-element-de2f203 e-con-full e-flex e-con e-child\" data-id=\"de2f203\" data-element_type=\"container\" data-settings=\"{&quot;background_background&quot;:&quot;classic&quot;}\">\n\t\t\t\t<div class=\"elementor-element elementor-element-964aa56 elementor-widget elementor-widget-spacer\" data-id=\"964aa56\" data-element_type=\"widget\" data-widget_type=\"spacer.default\">\n\t\t\t\t<div class=\"elementor-widget-container\">\n\t\t\t\t\t\t\t<div class=\"elementor-spacer\">\n\t\t\t<div class=\"elementor-spacer-inner\"><\/div>\n\t\t<\/div>\n\t\t\t\t\t\t<\/div>\n\t\t\t\t<\/div>\n\t\t\t\t<div class=\"elementor-element elementor-element-e6cfdd5 elementor-widget__width-auto elementor-invisible elementor-widget elementor-widget-heading\" data-id=\"e6cfdd5\" data-element_type=\"widget\" data-settings=\"{&quot;_animation&quot;:&quot;fadeInDown&quot;}\" data-widget_type=\"heading.default\">\n\t\t\t\t<div class=\"elementor-widget-container\">\n\t\t\t\t\t<h2 class=\"elementor-heading-title elementor-size-default\"><a href=\"\/pl\/2025\/11\/11\/elementor-74\/\">Sp\u00f3jna gmina<\/a><\/h2>\t\t\t\t<\/div>\n\t\t\t\t<\/div>\n\t\t\t\t<div class=\"elementor-element elementor-element-8b146bf elementor-widget__width-auto elementor-invisible elementor-widget elementor-widget-heading\" data-id=\"8b146bf\" data-element_type=\"widget\" data-settings=\"{&quot;_animation&quot;:&quot;bounceInRight&quot;,&quot;_animation_delay&quot;:200}\" data-widget_type=\"heading.default\">\n\t\t\t\t<div class=\"elementor-widget-container\">\n\t\t\t\t\t<h4 class=\"elementor-heading-title elementor-size-default\"><a href=\"\/pl\/2025\/11\/11\/elementor-74\/\">Metro do Tingbjergu \u2013 tak, prosz\u0119!<\/a><\/h4>\t\t\t\t<\/div>\n\t\t\t\t<\/div>\n\t\t\t\t<div class=\"elementor-element elementor-element-9f4983e elementor-invisible elementor-widget elementor-widget-button\" data-id=\"9f4983e\" data-element_type=\"widget\" data-settings=\"{&quot;_animation&quot;:&quot;fadeIn&quot;,&quot;_animation_delay&quot;:1800}\" data-widget_type=\"button.default\">\n\t\t\t\t<div class=\"elementor-widget-container\">\n\t\t\t\t\t\t\t\t\t<div class=\"elementor-button-wrapper\">\n\t\t\t\t\t<a class=\"elementor-button elementor-button-link elementor-size-sm\" href=\"\/pl\/2025\/11\/11\/elementor-74\/\">\n\t\t\t\t\t\t<span class=\"elementor-button-content-wrapper\">\n\t\t\t\t\t\t\t\t\t<span class=\"elementor-button-text\">Czytaj dalej<\/span>\n\t\t\t\t\t<\/span>\n\t\t\t\t\t<\/a>\n\t\t\t\t<\/div>\n\t\t\t\t\t\t\t\t<\/div>\n\t\t\t\t<\/div>\n\t\t\t\t<\/div>\n\t\t\t\t<\/div>\n\t\t<div class=\"elementor-element elementor-element-5dd5a73 e-grid e-con-full e-con e-parent\" data-id=\"5dd5a73\" data-element_type=\"container\" id=\"om\" data-settings=\"{&quot;background_background&quot;:&quot;classic&quot;}\">\n\t\t<div class=\"elementor-element elementor-element-312f666 e-con-full e-flex e-con e-child\" data-id=\"312f666\" data-element_type=\"container\" data-settings=\"{&quot;background_background&quot;:&quot;classic&quot;}\">\n\t\t\t\t<div class=\"elementor-element elementor-element-b814d89 elementor-widget elementor-widget-spacer\" data-id=\"b814d89\" data-element_type=\"widget\" data-widget_type=\"spacer.default\">\n\t\t\t\t<div class=\"elementor-widget-container\">\n\t\t\t\t\t\t\t<div class=\"elementor-spacer\">\n\t\t\t<div class=\"elementor-spacer-inner\"><\/div>\n\t\t<\/div>\n\t\t\t\t\t\t<\/div>\n\t\t\t\t<\/div>\n\t\t\t\t<div class=\"elementor-element elementor-element-8578d99 elementor-widget__width-auto elementor-invisible elementor-widget elementor-widget-heading\" data-id=\"8578d99\" data-element_type=\"widget\" data-settings=\"{&quot;_animation&quot;:&quot;bounceInLeft&quot;}\" data-widget_type=\"heading.default\">\n\t\t\t\t<div class=\"elementor-widget-container\">\n\t\t\t\t\t<h2 class=\"elementor-heading-title elementor-size-default\"><a href=\"\/pl\/2025\/11\/11\/zielone-miasto-i-prawdziwa-transformacja-ekologiczna\/?preview_id=85&#038;preview_nonce=74847afc4f&#038;preview=true\">Zielone miasto i prawdziwa zielona transformacja<\/a><\/h2>\t\t\t\t<\/div>\n\t\t\t\t<\/div>\n\t\t\t\t<div class=\"elementor-element elementor-element-eb427ba elementor-invisible elementor-widget elementor-widget-button\" data-id=\"eb427ba\" data-element_type=\"widget\" data-settings=\"{&quot;_animation&quot;:&quot;fadeIn&quot;,&quot;_animation_delay&quot;:1800}\" data-widget_type=\"button.default\">\n\t\t\t\t<div class=\"elementor-widget-container\">\n\t\t\t\t\t\t\t\t\t<div class=\"elementor-button-wrapper\">\n\t\t\t\t\t<a class=\"elementor-button elementor-button-link elementor-size-sm\" href=\"\/pl\/2025\/11\/11\/zielone-miasto-i-prawdziwa-transformacja-ekologiczna\/?preview_id=85&#038;preview_nonce=74847afc4f&#038;preview=true\">\n\t\t\t\t\t\t<span class=\"elementor-button-content-wrapper\">\n\t\t\t\t\t\t\t\t\t<span class=\"elementor-button-text\">Czytaj dalej<\/span>\n\t\t\t\t\t<\/span>\n\t\t\t\t\t<\/a>\n\t\t\t\t<\/div>\n\t\t\t\t\t\t\t\t<\/div>\n\t\t\t\t<\/div>\n\t\t\t\t<\/div>\n\t\t<div class=\"elementor-element elementor-element-0fdaeec e-con-full e-flex e-con e-child\" data-id=\"0fdaeec\" data-element_type=\"container\" data-settings=\"{&quot;background_background&quot;:&quot;classic&quot;}\">\n\t\t\t\t<div class=\"elementor-element elementor-element-68712d1 elementor-widget elementor-widget-spacer\" data-id=\"68712d1\" data-element_type=\"widget\" data-widget_type=\"spacer.default\">\n\t\t\t\t<div class=\"elementor-widget-container\">\n\t\t\t\t\t\t\t<div class=\"elementor-spacer\">\n\t\t\t<div class=\"elementor-spacer-inner\"><\/div>\n\t\t<\/div>\n\t\t\t\t\t\t<\/div>\n\t\t\t\t<\/div>\n\t\t\t\t<div class=\"elementor-element elementor-element-f233a12 elementor-widget__width-auto elementor-invisible elementor-widget elementor-widget-heading\" data-id=\"f233a12\" data-element_type=\"widget\" data-settings=\"{&quot;_animation&quot;:&quot;bounceInUp&quot;}\" data-widget_type=\"heading.default\">\n\t\t\t\t<div class=\"elementor-widget-container\">\n\t\t\t\t\t<h2 class=\"elementor-heading-title elementor-size-default\"><a href=\"\/pl\/2025\/11\/11\/prace-dorywcze-i-zajecia-pozaszkolne\/\">Wzmocnienie dzia\u0142a\u0144 kulturalnych i rekreacyjnych na poziomie przyjaznym dzieciom.<\/a><\/h2>\t\t\t\t<\/div>\n\t\t\t\t<\/div>\n\t\t\t\t<div class=\"elementor-element elementor-element-7d19e5c elementor-invisible elementor-widget elementor-widget-button\" data-id=\"7d19e5c\" data-element_type=\"widget\" data-settings=\"{&quot;_animation&quot;:&quot;fadeIn&quot;,&quot;_animation_delay&quot;:1800}\" data-widget_type=\"button.default\">\n\t\t\t\t<div class=\"elementor-widget-container\">\n\t\t\t\t\t\t\t\t\t<div class=\"elementor-button-wrapper\">\n\t\t\t\t\t<a class=\"elementor-button elementor-button-link elementor-size-sm\" href=\"\/pl\/2025\/11\/11\/prace-dorywcze-i-zajecia-pozaszkolne\/\">\n\t\t\t\t\t\t<span class=\"elementor-button-content-wrapper\">\n\t\t\t\t\t\t\t\t\t<span class=\"elementor-button-text\">Czytaj dalej<\/span>\n\t\t\t\t\t<\/span>\n\t\t\t\t\t<\/a>\n\t\t\t\t<\/div>\n\t\t\t\t\t\t\t\t<\/div>\n\t\t\t\t<\/div>\n\t\t\t\t<\/div>\n\t\t<div class=\"elementor-element elementor-element-73ba11f e-con-full e-flex e-con e-child\" data-id=\"73ba11f\" data-element_type=\"container\" data-settings=\"{&quot;background_background&quot;:&quot;classic&quot;}\">\n\t\t\t\t<div class=\"elementor-element elementor-element-c7f7d99 elementor-widget elementor-widget-spacer\" data-id=\"c7f7d99\" data-element_type=\"widget\" data-widget_type=\"spacer.default\">\n\t\t\t\t<div class=\"elementor-widget-container\">\n\t\t\t\t\t\t\t<div class=\"elementor-spacer\">\n\t\t\t<div class=\"elementor-spacer-inner\"><\/div>\n\t\t<\/div>\n\t\t\t\t\t\t<\/div>\n\t\t\t\t<\/div>\n\t\t\t\t<div class=\"elementor-element elementor-element-bbca4e1 elementor-widget__width-auto elementor-invisible elementor-widget elementor-widget-heading\" data-id=\"bbca4e1\" data-element_type=\"widget\" data-settings=\"{&quot;_animation&quot;:&quot;bounceInRight&quot;,&quot;_animation_delay&quot;:200}\" data-widget_type=\"heading.default\">\n\t\t\t\t<div class=\"elementor-widget-container\">\n\t\t\t\t\t<h3 class=\"elementor-heading-title elementor-size-default\">Czy masz jaki\u015b szczeg\u00f3lny problem, kt\u00f3rym chcia\u0142by\u015b\/chcia\u0142aby\u015b podzieli\u0107 si\u0119 z Alin\u0105?<\/h3>\t\t\t\t<\/div>\n\t\t\t\t<\/div>\n\t\t\t\t<div class=\"elementor-element elementor-element-b6f4b99 elementor-invisible elementor-widget elementor-widget-button\" data-id=\"b6f4b99\" data-element_type=\"widget\" data-settings=\"{&quot;_animation&quot;:&quot;fadeIn&quot;,&quot;_animation_delay&quot;:1800}\" data-widget_type=\"button.default\">\n\t\t\t\t<div class=\"elementor-widget-container\">\n\t\t\t\t\t\t\t\t\t<div class=\"elementor-button-wrapper\">\n\t\t\t\t\t<a class=\"elementor-button elementor-button-link elementor-size-sm\" href=\"\/kontakt\">\n\t\t\t\t\t\t<span class=\"elementor-button-content-wrapper\">\n\t\t\t\t\t\t\t\t\t<span class=\"elementor-button-text\">Czytaj dalej<\/span>\n\t\t\t\t\t<\/span>\n\t\t\t\t\t<\/a>\n\t\t\t\t<\/div>\n\t\t\t\t\t\t\t\t<\/div>\n\t\t\t\t<\/div>\n\t\t\t\t<\/div>\n\t\t\t\t<\/div>\n\t\t<div class=\"elementor-element elementor-element-464df3a e-grid e-con-boxed e-con e-parent\" data-id=\"464df3a\" data-element_type=\"container\" data-settings=\"{&quot;background_background&quot;:&quot;classic&quot;}\">\n\t\t\t\t\t<div class=\"e-con-inner\">\n\t\t<div class=\"elementor-element elementor-element-64ef4a0 e-flex e-con-boxed e-con e-child\" data-id=\"64ef4a0\" data-element_type=\"container\" data-settings=\"{&quot;background_background&quot;:&quot;classic&quot;}\">\n\t\t\t\t\t<div class=\"e-con-inner\">\n\t\t\t\t<div class=\"elementor-element elementor-element-93bcb16 elementor-widget__width-initial elementor-widget elementor-widget-heading\" data-id=\"93bcb16\" data-element_type=\"widget\" data-widget_type=\"heading.default\">\n\t\t\t\t<div class=\"elementor-widget-container\">\n\t\t\t\t\t<h2 class=\"elementor-heading-title elementor-size-default\">Kim jest Alina?<\/h2>\t\t\t\t<\/div>\n\t\t\t\t<\/div>\n\t\t\t\t<div class=\"elementor-element elementor-element-7d3adb1 elementor-widget elementor-widget-text-editor\" data-id=\"7d3adb1\" data-element_type=\"widget\" data-widget_type=\"text-editor.default\">\n\t\t\t\t<div class=\"elementor-widget-container\">\n\t\t\t\t\t\t\t\t\t<div>\n  <div>\n    <div>\n      <div>\n        <div role=\"presentation\">\n          <div>\n            <div role=\"none\">\n              <div>\n                <div role=\"presentation\">\n                  <div dir=\"auto\"><strong>W dzieci\u0144stwie Alina Procyk nigdy nie wyobra\u017ca\u0142a sobie, \u017ce kiedykolwiek zaanga\u017cuje si\u0119 w polityk\u0119.<\/strong><\/div>\n                  <div dir=\"auto\">&nbsp;<\/div>\n                  <div dir=\"auto\">Kiedy przyjecha\u0142a do Danii z Ukrainy razem z matk\u0105 w wieku 14 lat, nie by\u0142o to wcale bezproblemowe.<\/div>\n                  <div dir=\"auto\">&nbsp;<\/div>\n                  <div dir=\"auto\">\u201eTo by\u0142o tak, jakby trzeba by\u0142o nieustannie udowadnia\u0107, \u017ce jest si\u0119 wystarczaj\u0105co dobrym \u2013 a nawet lepszym od innych \u2013 by by\u0107 traktowanym powa\u017cnie\u201d \u2013 m\u00f3wi. W okresie nastoletnim trudno by\u0142o odnale\u017a\u0107 si\u0119 w nowym kraju, nowej kulturze i nowym j\u0119zyku.<\/div>\n                  <div dir=\"auto\">&nbsp;<\/div>\n                  <div dir=\"auto\">Dzi\u015b Alina nie tylko biegle m\u00f3wi po du\u0144sku. Ma tytu\u0142 in\u017cyniera i pracuje z ukrai\u0144skimi dzie\u0107mi w lokalnej szkole jako asystentka nauczyciela. Jest r\u00f3wnie\u017c za\u0142o\u017cycielk\u0105 najwi\u0119kszego w Danii stowarzyszenia o\u015bwiatowego dla Ukrai\u0144c\u00f3w, \u201e\u0141astiwka\u201d, oraz prowadzi w\u0142asn\u0105 dzia\u0142alno\u015b\u0107 t\u0142umaczeniow\u0105, pomagaj\u0105c uchod\u017acom.<\/div>\n                  <div dir=\"auto\">&nbsp;<\/div>\n                  <div dir=\"auto\">Wszystko to sk\u0142oni\u0142o Alin\u0119 do wej\u015bcia w polityk\u0119 z nadziej\u0105, \u017ce da wi\u0119kszej liczbie os\u00f3b tak\u0105 sam\u0105 szans\u0119, za jak\u0105 sama jest wdzi\u0119czna.<\/div>\n                  <div dir=\"auto\"><b>&nbsp;<\/b><\/div>\n                  <div dir=\"auto\"><b>Oto dlaczego mo\u017cesz odda\u0107 g\u0142os na Alin\u0119 Procyk w wyborach samorz\u0105dowych 18 listopada.<\/b><\/div>\n                <\/div>\n              <\/div>\n            <\/div>\n            <div role=\"presentation\">\n              <div role=\"presentation\"><b>&nbsp;<\/b><\/div>\n            <\/div>\n          <\/div>\n        <\/div>\n      <\/div>\n    <\/div>\n  <\/div>\n<\/div>\t\t\t\t\t\t\t\t<\/div>\n\t\t\t\t<\/div>\n\t\t\t\t\t<\/div>\n\t\t\t\t<\/div>\n\t\t\t\t\t<\/div>\n\t\t\t\t<\/div>\n\t\t\t\t<\/div>\n\t\t","protected":false},"excerpt":{"rendered":"<p>Alina Procyk Tw\u00f3j socjalliberalny g\u0142os na rzecz integracji, inkluzji i sp\u00f3jno\u015bci w gminie Kopenhagi. Oddaj sw\u00f3j g\u0142os osobi\u015bcie na Alin\u0119 w wyborach samorz\u0105dowych 18 listopada. Czytaj wi\u0119cej o Alinie \u00abJe\u015bli zostan\u0119 wybrana do Rady Miejskiej Kopenhagi, b\u0119d\u0119 reprezentowa\u0107 wielu obywateli, kt\u00f3rzy dzi\u015b nie maj\u0105 swojej reprezentacji.\u00bb. Alina Procyk Kandydatka do Rady Miejskiej Kopenhagi z ramienia [&hellip;]<\/p>\n","protected":false},"author":1,"featured_media":0,"parent":0,"menu_order":0,"comment_status":"closed","ping_status":"closed","template":"","meta":{"footnotes":""},"class_list":["post-2","page","type-page","status-publish","hentry"],"_links":{"self":[{"href":"https:\/\/alina.dk\/pl\/wp-json\/wp\/v2\/pages\/2","targetHints":{"allow":["GET"]}}],"collection":[{"href":"https:\/\/alina.dk\/pl\/wp-json\/wp\/v2\/pages"}],"about":[{"href":"https:\/\/alina.dk\/pl\/wp-json\/wp\/v2\/types\/page"}],"author":[{"embeddable":true,"href":"https:\/\/alina.dk\/pl\/wp-json\/wp\/v2\/users\/1"}],"replies":[{"embeddable":true,"href":"https:\/\/alina.dk\/pl\/wp-json\/wp\/v2\/comments?post=2"}],"version-history":[{"count":44,"href":"https:\/\/alina.dk\/pl\/wp-json\/wp\/v2\/pages\/2\/revisions"}],"predecessor-version":[{"id":101,"href":"https:\/\/alina.dk\/pl\/wp-json\/wp\/v2\/pages\/2\/revisions\/101"}],"wp:attachment":[{"href":"https:\/\/alina.dk\/pl\/wp-json\/wp\/v2\/media?parent=2"}],"curies":[{"name":"wp","href":"https:\/\/api.w.org\/{rel}","templated":true}]}}